{"id":646,"date":"2021-01-01T17:09:42","date_gmt":"2021-01-01T17:09:42","guid":{"rendered":"http:\/\/htsc-taxi.nl\/?page_id=646"},"modified":"2025-09-04T15:23:12","modified_gmt":"2025-09-04T13:23:12","slug":"chauffeur-huren","status":"publish","type":"page","link":"https:\/\/htsc-taxi.nl\/?page_id=646","title":{"rendered":"Prive chauffeur huren"},"content":{"rendered":"\t\t<div data-elementor-type=\"wp-page\" data-elementor-id=\"646\" class=\"elementor elementor-646\">\n\t\t\t\t\t\t<section class=\"elementor-section elementor-top-section elementor-element elementor-element-528fb05a elementor-section-boxed elementor-section-height-default elementor-section-height-default\" data-id=\"528fb05a\" data-element_type=\"section\" data-e-type=\"section\">\n\t\t\t\t\t\t<div class=\"elementor-container elementor-column-gap-default\">\n\t\t\t\t\t<div class=\"elementor-column elementor-col-100 elementor-top-column elementor-element elementor-element-52f84bc4\" data-id=\"52f84bc4\" data-element_type=\"column\" data-e-type=\"column\">\n\t\t\t<div class=\"elementor-widget-wrap elementor-element-populated\">\n\t\t\t\t\t\t<div class=\"elementor-element elementor-element-7265c31a elementor-widget elementor-widget-text-editor\" data-id=\"7265c31a\" data-element_type=\"widget\" data-e-type=\"widget\" data-widget_type=\"text-editor.default\">\n\t\t\t\t<div class=\"elementor-widget-container\">\n\t\t\t\t\t\t\t\t\t<p><strong><!-- \/wp:heading --><!-- wp:paragraph --><\/strong><\/p>\n<h2 data-start=\"224\" data-end=\"284\"><strong data-start=\"227\" data-end=\"284\">Auto met Chauffeur \u2013 Comfortabel en Zorgeloos Vervoer<\/strong><\/h2>\n<p data-start=\"286\" data-end=\"518\">Heeft u tijdelijk geen eigen auto tot uw beschikking? Of zoekt u naar comfortabel vervoer met chauffeur? Wij bieden een professionele \u00e9n betaalbare oplossing: reizen met een gecertificeerde chauffeur in \u00e9\u00e9n van onze luxe voertuigen.<\/p>\n<h3 data-start=\"520\" data-end=\"561\"><strong data-start=\"524\" data-end=\"561\">Reis in Stijl \u2013 Mercedes E-Klasse<\/strong><\/h3>\n<p data-start=\"563\" data-end=\"806\">Onze <strong data-start=\"568\" data-end=\"589\">Mercedes E-Klasse<\/strong> is uitgevoerd in een elegante zwarte kleur en voorzien van een stijlvol lederen interieur. De auto biedt comfortabel plaats aan maximaal vier passagiers. Perfect voor zakelijke ritten, evenementen of een avondje uit.<\/p>\n<h3 data-start=\"808\" data-end=\"844\"><strong data-start=\"812\" data-end=\"844\">Veilig en Verantwoord op Weg<\/strong><\/h3>\n<p data-start=\"846\" data-end=\"1049\">Soms weet u niet precies hoe laat een avond eindigt. Als u \u2019s avonds een afspraak heeft, wilt genieten van een drankje en niet zelf wilt of kunt rijden, dan is onze chauffeursdienst de ideale oplossing.<\/p>\n<p data-start=\"1051\" data-end=\"1224\">Voor uw <strong data-start=\"1059\" data-end=\"1087\">veiligheid en gezondheid<\/strong> is het prettig te weten dat u altijd een beroep kunt doen op een ervaren chauffeur die u veilig naar huis brengt \u2013 ook in uw eigen auto.<\/p>\n<h3 data-start=\"1226\" data-end=\"1274\"><strong data-start=\"1230\" data-end=\"1274\">Onze Chauffeurs \u2013 Ervaren en Betrouwbaar<\/strong><\/h3>\n<p data-start=\"1276\" data-end=\"1473\">Onze chauffeurs beschikken over uitstekende kennis van het wegennet en brengen u ontspannen, veilig en stipt naar uw bestemming. U hoeft zich geen zorgen te maken over routes, parkeren of verkeer.<\/p>\n<p>\u00a0<\/p>\n<p data-start=\"1475\" data-end=\"1560\">Wij zorgen ervoor dat u comfortabel aankomt, precies op tijd \u00e9n op de juiste locatie.<\/p>\n<p><strong><!-- \/wp:paragraph --><!-- wp:image {\"id\":651,\"width\":696,\"height\":464,\"sizeSlug\":\"large\",\"linkDestination\":\"none\"} --><\/strong><\/p>\n<figure class=\"wp-block-image size-large is-resized\"><strong><img fetchpriority=\"high\" decoding=\"async\" class=\"wp-image-651\" src=\"https:\/\/htsc-taxi.nl\/wp-content\/uploads\/2021\/01\/IMG_3463-bewerkt-1024x683.jpg\" alt=\"\" width=\"696\" height=\"464\" srcset=\"https:\/\/htsc-taxi.nl\/wp-content\/uploads\/2021\/01\/IMG_3463-bewerkt-1024x683.jpg 1024w, https:\/\/htsc-taxi.nl\/wp-content\/uploads\/2021\/01\/IMG_3463-bewerkt-600x400.jpg 600w, https:\/\/htsc-taxi.nl\/wp-content\/uploads\/2021\/01\/IMG_3463-bewerkt-300x200.jpg 300w, https:\/\/htsc-taxi.nl\/wp-content\/uploads\/2021\/01\/IMG_3463-bewerkt-768x512.jpg 768w, https:\/\/htsc-taxi.nl\/wp-content\/uploads\/2021\/01\/IMG_3463-bewerkt-1536x1024.jpg 1536w, https:\/\/htsc-taxi.nl\/wp-content\/uploads\/2021\/01\/IMG_3463-bewerkt-2048x1365.jpg 2048w, https:\/\/htsc-taxi.nl\/wp-content\/uploads\/2021\/01\/IMG_3463-bewerkt-460x306.jpg 460w, https:\/\/htsc-taxi.nl\/wp-content\/uploads\/2021\/01\/IMG_3463-bewerkt-800x533.jpg 800w\" sizes=\"(max-width: 696px) 100vw, 696px\" \/><\/strong><\/figure>\n<p data-start=\"1690\" data-end=\"1800\"><strong data-start=\"1690\" data-end=\"1800\">Klaar om zorgeloos op pad te gaan? Neem contact met ons op en reserveer vandaag nog uw auto met chauffeur.<\/strong><\/p>\n<p><!-- \/wp:paragraph --><\/p>\t\t\t\t\t\t\t\t<\/div>\n\t\t\t\t<\/div>\n\t\t\t\t\t<\/div>\n\t\t<\/div>\n\t\t\t\t\t<\/div>\n\t\t<\/section>\n\t\t\t\t<section class=\"elementor-section elementor-top-section elementor-element elementor-element-08fd915 elementor-section-boxed elementor-section-height-default elementor-section-height-default\" data-id=\"08fd915\" data-element_type=\"section\" data-e-type=\"section\">\n\t\t\t\t\t\t<div class=\"elementor-container elementor-column-gap-default\">\n\t\t\t\t\t<div class=\"elementor-column elementor-col-100 elementor-top-column elementor-element elementor-element-c9456d3\" data-id=\"c9456d3\" data-element_type=\"column\" data-e-type=\"column\">\n\t\t\t<div class=\"elementor-widget-wrap\">\n\t\t\t\t\t\t\t<\/div>\n\t\t<\/div>\n\t\t\t\t\t<\/div>\n\t\t<\/section>\n\t\t\t\t<section class=\"elementor-section elementor-top-section elementor-element elementor-element-b74930e elementor-section-boxed elementor-section-height-default elementor-section-height-default\" data-id=\"b74930e\" data-element_type=\"section\" data-e-type=\"section\">\n\t\t\t\t\t\t<div class=\"elementor-container elementor-column-gap-default\">\n\t\t\t\t\t<div class=\"elementor-column elementor-col-100 elementor-top-column elementor-element elementor-element-ff27410\" data-id=\"ff27410\" data-element_type=\"column\" data-e-type=\"column\">\n\t\t\t<div class=\"elementor-widget-wrap elementor-element-populated\">\n\t\t\t\t\t\t<div class=\"elementor-element elementor-element-1c863e5 elementor-widget elementor-widget-text-editor\" data-id=\"1c863e5\" data-element_type=\"widget\" data-e-type=\"widget\" data-widget_type=\"text-editor.default\">\n\t\t\t\t<div class=\"elementor-widget-container\">\n\t\t\t\t\t\t\t\t\t<figure><\/figure>\n<p><strong><!-- \/wp:image --><\/strong><\/p><strong>\n<\/strong><p><strong><!-- wp:separator --><\/strong><\/p>\n<hr>\n<p><strong><!-- \/wp:separator --><\/strong><\/p><strong>\n<\/strong><p><strong><!-- wp:paragraph {\"style\":{\"typography\":{\"fontSize\":18}}} --><\/strong><\/p>\n<p style=\"font-size: 18px;\"><strong>TARIEVEN CHAUFFEURS<\/strong><\/p>\n<p><strong><!-- \/wp:paragraph --><\/strong><\/p><strong>\n<\/strong><p><strong><!-- wp:paragraph --><\/strong><\/p>\n<p><strong>chauffeur met eigen auto \u20ac59,50 p\/uur<\/strong><\/p>\n<p><strong><!-- \/wp:paragraph --><\/strong><\/p><strong>\n<\/strong><p><strong><!-- wp:paragraph --><\/strong><\/p>\n<p><strong>chauffeur zonder auto \u20ac 36,00 p\/uur<\/strong><\/p>\n<p><strong><!-- \/wp:paragraph --><\/strong><\/p><strong>\n<\/strong><p><strong><!-- wp:paragraph --><\/strong><\/p>\n<p><strong>Reiskosten terug naar huis. is afhankelijk van bereikbaarheid op basis van openbaar vervoer<\/strong><\/p>\n<p><strong><!-- \/wp:paragraph --><\/strong><\/p><strong>\n<\/strong><p><strong><!-- wp:paragraph --><\/strong><\/p>\n<p><strong>Maaltijdkosten \u20ac15 bij meer dan 6 uur dienst<\/strong><\/p>\n<p><strong><!-- \/wp:paragraph --><\/strong><\/p><strong>\n<\/strong><p><strong><!-- wp:paragraph --><\/strong><\/p>\n<p><strong>Alle genoemde bedragen zijn excl. btw (min.3 uur dienst)<\/strong><\/p>\n<p><strong><!-- \/wp:paragraph --><\/strong><\/p><strong>\n<\/strong><p><strong><!-- wp:paragraph --><\/strong><\/p>\n<p><strong>De chauffeurs beschikken over kennis van het wegennet, hierdoor komt u ontspannen en op tijd aan bij uw afspraak en op de juiste locatie arriveert<\/strong><\/p>\n<p><strong><!-- \/wp:paragraph --><\/strong><\/p><strong>\n<\/strong><p><strong><!-- wp:paragraph --><\/strong><\/p>\n<p><strong>De chauffeur staat voor u klaar en rijdt u veilig thuis met uw eigen auto naar huis<\/strong><\/p>\n<p><strong><!-- \/wp:paragraph --><\/strong><\/p><strong>\n<\/strong><p><strong><!-- wp:paragraph --><\/strong><\/p>\n<p><strong>chauffeur zonder auto \u20ac 36,00 p\/uur of u kiest de taxi prijs per km als de tijd is minder dan 3 uur<\/strong><\/p>\n<p><strong><!-- \/wp:paragraph --><\/strong><\/p><strong>\n<\/strong><p><strong><!-- wp:paragraph --><\/strong><\/p>\n<p>&nbsp;<\/p>\n<p><strong><!-- \/wp:paragraph --><\/strong><\/p><strong>\n<\/strong><p><strong><!-- wp:paragraph --><\/strong><\/p>\n<p><strong><em>Telefoon of whatsapp:&nbsp;<\/em><\/strong><em style=\"font-weight: bolder;\"> (+31) 06 17 12 70 79&nbsp;<\/em><\/p>\n<p><strong><!-- \/wp:paragraph --><\/strong><\/p><strong>\n<\/strong><p><strong><!-- wp:paragraph --><\/strong><\/p>\n<p><strong>E-mail : htsc.taxi@hotmail.com<\/strong><\/p>\t\t\t\t\t\t\t\t<\/div>\n\t\t\t\t<\/div>\n\t\t\t\t\t<\/div>\n\t\t<\/div>\n\t\t\t\t\t<\/div>\n\t\t<\/section>\n\t\t\t\t<\/div>\n\t\t","protected":false},"excerpt":{"rendered":"<p>Auto met Chauffeur \u2013 Comfortabel en Zorgeloos Vervoer Heeft u tijdelijk geen eigen auto tot uw beschikking? Of zoekt u [&hellip;]<\/p>\n","protected":false},"author":1,"featured_media":0,"parent":0,"menu_order":0,"comment_status":"closed","ping_status":"closed","template":"","meta":{"footnotes":""},"class_list":["post-646","page","type-page","status-publish","hentry"],"aioseo_notices":[],"_links":{"self":[{"href":"https:\/\/htsc-taxi.nl\/index.php?rest_route=\/wp\/v2\/pages\/646","targetHints":{"allow":["GET"]}}],"collection":[{"href":"https:\/\/htsc-taxi.nl\/index.php?rest_route=\/wp\/v2\/pages"}],"about":[{"href":"https:\/\/htsc-taxi.nl\/index.php?rest_route=\/wp\/v2\/types\/page"}],"author":[{"embeddable":true,"href":"https:\/\/htsc-taxi.nl\/index.php?rest_route=\/wp\/v2\/users\/1"}],"replies":[{"embeddable":true,"href":"https:\/\/htsc-taxi.nl\/index.php?rest_route=%2Fwp%2Fv2%2Fcomments&post=646"}],"version-history":[{"count":21,"href":"https:\/\/htsc-taxi.nl\/index.php?rest_route=\/wp\/v2\/pages\/646\/revisions"}],"predecessor-version":[{"id":23726,"href":"https:\/\/htsc-taxi.nl\/index.php?rest_route=\/wp\/v2\/pages\/646\/revisions\/23726"}],"wp:attachment":[{"href":"https:\/\/htsc-taxi.nl\/index.php?rest_route=%2Fwp%2Fv2%2Fmedia&parent=646"}],"curies":[{"name":"wp","href":"https:\/\/api.w.org\/{rel}","templated":true}]}}